{"id":961,"date":"2021-11-26T09:49:30","date_gmt":"2021-11-26T08:49:30","guid":{"rendered":"https:\/\/carbon-turn.com\/?page_id=961"},"modified":"2021-12-06T09:06:54","modified_gmt":"2021-12-06T08:06:54","slug":"nuestra-vision","status":"publish","type":"page","link":"https:\/\/carbon-turn.com\/es\/nuestra-vision\/","title":{"rendered":"Nuestra visi\u00f3n"},"content":{"rendered":"<div class=\"wpb-content-wrapper\"><p>[vc_row unlock_row_content=\u00bbyes\u00bb row_height_percent=\u00bb0&#8243; back_color=\u00bbcolor-lxmt\u00bb overlay_alpha=\u00bb50&#8243; equal_height=\u00bbyes\u00bb gutter_size=\u00bb3&#8243; column_width_percent=\u00bb100&#8243; shift_y=\u00bb0&#8243; z_index=\u00bb0&#8243; el_class=\u00bbrow-full\u00bb][vc_column column_width_percent=\u00bb100&#8243; gutter_size=\u00bb3&#8243; back_image=\u00bb101&#8243; back_repeat=\u00bbno-repeat\u00bb overlay_alpha=\u00bb50&#8243; shift_x=\u00bb0&#8243; shift_y=\u00bb0&#8243; shift_y_down=\u00bb0&#8243; z_index=\u00bb0&#8243; medium_width=\u00bb0&#8243; mobile_width=\u00bb0&#8243; width=\u00bb1\/2&#8243; css=\u00bb.vc_custom_1623759863035{padding-bottom: 15vh !important;}\u00bb el_class=\u00bbheader-resp\u00bb][\/vc_column][vc_column column_width_percent=\u00bb100&#8243; gutter_size=\u00bb3&#8243; overlay_alpha=\u00bb50&#8243; shift_x=\u00bb0&#8243; shift_y=\u00bb0&#8243; shift_y_down=\u00bb0&#8243; z_index=\u00bb0&#8243; medium_width=\u00bb0&#8243; mobile_width=\u00bb0&#8243; width=\u00bb1\/2&#8243; css=\u00bb.vc_custom_1619098094779{padding-top: 5vh !important;padding-right: 5vw !important;padding-bottom: 5vh !important;padding-left: 5vw !important;}\u00bb][vc_custom_heading heading_semantic=\u00bbh1&#8243; text_size=\u00bbh1&#8243;]Nuestra visi\u00f3n[\/vc_custom_heading][vc_column_text]<span style=\"font-family: 'Lexend Mega', sans-serif; font-weight: 600; color: #00aaff; letter-spacing: -1px;\">CARBON<\/span> <span style=\"font-family: 'Lexend Mega', sans-serif; font-weight: 600; color: #4d4d4d; letter-spacing: -1px;\">TURNAROUND<\/span> ofrece una amplia gama de servicios de consultor\u00eda en ingenier\u00eda centrados en la transformaci\u00f3n de nuestra econom\u00eda y sociedad hacia una sociedad de neutralidad de carbono. Nuestro principio rector es el concepto de circularidad: remodelar los procesos determinantes de nuestro sistema econ\u00f3mico hacia la sostenibilidad. Nos esforzamos por ser el principal asesor en materia de sostenibilidad y descarbonizaci\u00f3n para los clientes de la industria, las empresas y las administraciones p\u00fablicas durante esta desafiante fase de transformaci\u00f3n que se avecina. Como ingenieros consultores especializados, queremos hacer una contribuci\u00f3n sustancial con el objetivo de resolver los problemas de sostenibilidad de nuestros clientes y marcar una diferencia real en su proceso de transformaci\u00f3n hacia la sostenibilidad.<\/p>\n<p>&nbsp;<\/p>\n<p>Este giro influir\u00e1 en todas las esferas de nuestras complejas sociedades globales y cambiar\u00e1 nuestra forma de hacer negocios, de producir nuestros bienes y servicios y de organizar nuestra vida. Para ser realmente sostenible, esta profunda transformaci\u00f3n debe seguir un enfoque claramente interdisciplinario y hol\u00edstico, que combine las necesidades econ\u00f3micas, medioambientales y sociales. Por eso nuestro equipo de <span style=\"font-family: 'Lexend Mega', sans-serif; font-weight: 600; color: #00aaff; letter-spacing: -1px;\">CARBON<\/span> <span style=\"font-family: 'Lexend Mega', sans-serif; font-weight: 600; color: #4d4d4d; letter-spacing: -1px;\">TURNAROUND<\/span>\u00a0est\u00e1 compuesto por expertos que cubren todos los aspectos relevantes que conducen al cambio de rumbo hacia un futuro sostenible de \u201ccero carb\u00f3n\u201d en nuestra sociedad.[\/vc_column_text][\/vc_column][\/vc_row][vc_row unlock_row=\u00bb\u00bb row_height_percent=\u00bb0&#8243; overlay_alpha=\u00bb50&#8243; equal_height=\u00bbyes\u00bb gutter_size=\u00bb3&#8243; column_width_percent=\u00bb100&#8243; shift_y=\u00bb0&#8243; z_index=\u00bb0&#8243; css=\u00bb.vc_custom_1619696898434{padding-top: 8vh !important;padding-bottom: 8vh !important;}\u00bb][vc_column column_width_percent=\u00bb100&#8243; align_horizontal=\u00bbalign_center\u00bb gutter_size=\u00bb3&#8243; overlay_alpha=\u00bb50&#8243; shift_x=\u00bb0&#8243; shift_y=\u00bb0&#8243; shift_y_down=\u00bb0&#8243; z_index=\u00bb0&#8243; medium_width=\u00bb0&#8243; mobile_width=\u00bb0&#8243; width=\u00bb1\/2&#8243; css=\u00bb.vc_custom_1622009730157{padding-top: 0px !important;}\u00bb][vc_custom_heading heading_semantic=\u00bbh1&#8243; text_size=\u00bbh1&#8243; uncode_shortcode_id=\u00bb195467&#8243;]<\/p>\n<h2 style=\"text-align: center; font-size: 40px; color: #00aaff;\">NUESTRO OBJETIVO:<\/h2>\n<p>[\/vc_custom_heading][vc_empty_space empty_h=\u00bb2&#8243;][uncode_counter value=\u00bb0&#8243; counter_color=\u00bbcolor-199093&#8243; size=\u00bbbigtext\u00bb suffix=\u00bb\u201cCero Carb\u00f3n\u201d\u00bb][\/vc_column][vc_column width=\u00bb1\/2&#8243;][vc_separator sep_color=\u00bbcolor-wvjs\u00bb][vc_custom_heading heading_semantic=\u00bbh1&#8243; text_size=\u00bbh1&#8243;]Una econom\u00eda sostenible \u2013<br \/>\nal servicio de la gente y del planeta[\/vc_custom_heading][vc_column_text]La transformaci\u00f3n hacia una econom\u00eda neutral de carbono (\u201ccero carb\u00f3n\u201d) penetrar\u00e1 en todas las esferas de nuestras sociedades. Este hecho requiere un enfoque claramente interdisciplinar y hol\u00edstico para que esta transici\u00f3n sea realmente sostenible \u2013 sin da\u00f1os colaterales no deseados y contraproducentes \u2013 alcanz\u00e1ndose as\u00ed el objetivo de una econom\u00eda sostenible y justa sin emisiones de carbono. Por esta raz\u00f3n, <span style=\"font-family: 'Lexend Mega', sans-serif; font-weight: 600; color: #00aaff; letter-spacing: -1px;\">CARBON<\/span> <span style=\"font-family: 'Lexend Mega', sans-serif; font-weight: 600; color: #4d4d4d; letter-spacing: -1px;\">TURNAROUND<\/span>\u00a0sigue un enfoque claramente interdisciplinario, comprometido a considerar de manera respetuosa los aspectos econ\u00f3micos, medioambientales y sociales de forma equilibrada. Nuestro principio rector es el concepto de circularidad como enfoque que garantiza un funcionamiento sostenible y adecuado a las perspectivas futuras de nuestro sistema econ\u00f3mico.[\/vc_column_text][\/vc_column][\/vc_row][vc_row row_height_percent=\u00bb0&#8243; back_image=\u00bb230&#8243; back_repeat=\u00bbno-repeat\u00bb parallax=\u00bbyes\u00bb overlay_alpha=\u00bb50&#8243; gutter_size=\u00bb3&#8243; column_width_percent=\u00bb100&#8243; shift_y=\u00bb0&#8243; z_index=\u00bb0&#8243; css=\u00bb.vc_custom_1619697877918{padding-top: 5vh !important;padding-bottom: 600px !important;}\u00bb][vc_column width=\u00bb1\/1&#8243;][\/vc_column][\/vc_row][vc_row row_height_percent=\u00bb0&#8243; overlay_alpha=\u00bb50&#8243; equal_height=\u00bbyes\u00bb gutter_size=\u00bb3&#8243; column_width_percent=\u00bb100&#8243; shift_y=\u00bb0&#8243; z_index=\u00bb0&#8243; css=\u00bb.vc_custom_1619697266449{padding-top: 8vh !important;padding-bottom: 8vh !important;}\u00bb][vc_column column_width_percent=\u00bb100&#8243; gutter_size=\u00bb3&#8243; overlay_alpha=\u00bb50&#8243; shift_x=\u00bb0&#8243; shift_y=\u00bb0&#8243; shift_y_down=\u00bb0&#8243; z_index=\u00bb0&#8243; medium_width=\u00bb0&#8243; mobile_width=\u00bb0&#8243; width=\u00bb1\/2&#8243;][vc_separator sep_color=\u00bbcolor-wvjs\u00bb][vc_custom_heading]Creemos en un sistema<br \/>\necon\u00f3mico basado en<br \/>\nla circularidad[\/vc_custom_heading][\/vc_column][vc_column width=\u00bb1\/2&#8243;][vc_column_text]El uso exclusivo de energ\u00eda renovable en lugar de energ\u00eda f\u00f3sil no ser\u00e1 suficiente para cumplir los objetivos clim\u00e1ticos establecidos en el Acuerdo de Par\u00eds. Cumplir estos objetivos clim\u00e1ticos har\u00e1 necesario abordar tambi\u00e9n las emisiones relacionadas con la producci\u00f3n, el uso y la eliminaci\u00f3n de productos, y tambi\u00e9n requerir\u00e1 una reconsideraci\u00f3n de nuestros patrones de consumo habituales. Es necesario un amplio cambio de paradigma hacia la circularidad. La eficiencia de los recursos, los bucles cerrados de materiales y productos, as\u00ed como la eliminaci\u00f3n de residuos\u2013 todos contribuyen a una descarbonizaci\u00f3n general del sistema de producci\u00f3n, y esto es esencial para una transformaci\u00f3n integrada de la sostenibilidad de nuestro sistema econ\u00f3mico.<\/p>\n<p><span style=\"font-family: 'Lexend Mega', sans-serif; font-weight: 600; color: #00aaff; letter-spacing: -1px;\">CARBON<\/span> <span style=\"font-family: 'Lexend Mega', sans-serif; font-weight: 600; color: #4d4d4d; letter-spacing: -1px;\">TURNAROUND<\/span> cree firmemente en un sistema econ\u00f3mico basado en la circularidad, con flujos cerrados de energ\u00eda, materiales y agua, a fin de evitar la ineficiencia, limitar la contaminaci\u00f3n ambiental y garantizar un sistema econ\u00f3mico capaz de hacer frente a retos como el cambio clim\u00e1tico o la p\u00e9rdida de biodiversidad. Este sistema ayuda a crear cadenas de valor resistentes, a maximizar la eficiencia de los recursos y a impulsar la innovaci\u00f3n de nuevos modelos de negocio y tecnolog\u00edas limpias.<\/p>\n<p>La circularidad es tambi\u00e9n la clave para desvincular el crecimiento econ\u00f3mico del consumo de recursos, lo cual es crucial para la descarbonizaci\u00f3n en los pa\u00edses en desarrollo, donde el crecimiento econ\u00f3mico sigue estando muy interrelacionado con estrategias econ\u00f3micas insostenibles basadas en el aumento del consumo de combustibles f\u00f3siles y la extracci\u00f3n acelerada de recursos.[\/vc_column_text][\/vc_column][\/vc_row][vc_row row_height_percent=\u00bb0&#8243; back_color=\u00bbcolor-lxmt\u00bb overlay_alpha=\u00bb50&#8243; equal_height=\u00bbyes\u00bb gutter_size=\u00bb3&#8243; column_width_percent=\u00bb100&#8243; shift_y=\u00bb0&#8243; z_index=\u00bb0&#8243; css=\u00bb.vc_custom_1620110233228{padding-top: 8vh !important;padding-bottom: 8vh !important;}\u00bb][vc_column width=\u00bb1\/2&#8243;][vc_separator sep_color=\u00bbcolor-wvjs\u00bb][vc_custom_heading css_animation=\u00bbright-t-left\u00bb]El reto de esta d\u00e9cada: alcanzar los Objetivos de Desarrollo Sostenible (ODS)[\/vc_custom_heading][vc_button button_color=\u00bbcolor-199093&#8243; radius=\u00bbbtn-square\u00bb border_animation=\u00bbbtn-ripple-out\u00bb hover_fx=\u00bbfull-colored\u00bb border_width=\u00bb0&#8243; link=\u00bburl:https%3A%2F%2Fsdgs.un.org%2F|title:Sustainable%20Development%20Goals\u00bb button_color_type=\u00bbuncode-palette\u00bb uncode_shortcode_id=\u00bb202255&#8243;]M\u00e1s[\/vc_button][\/vc_column][vc_column width=\u00bb1\/2&#8243;][vc_column_text]El concepto de circularidad est\u00e1 profundamente relacionado con los 17 Objetivos de Sostenibilidad de la ONU (ODS), que act\u00faan como principios rectores del desarrollo econ\u00f3mico mundial hasta el a\u00f1o 2030. La circularidad es la clave para alcanzar los objetivos de mitigaci\u00f3n del cambio clim\u00e1tico, de reducci\u00f3n de los residuos, del acceso a la energ\u00eda limpia, de ciudades sostenibles o un consumo y producci\u00f3n de productos m\u00e1s responsables. En <span style=\"font-family: 'Lexend Mega', sans-serif; font-weight: 600; color: #00aaff; letter-spacing: -1px;\">CARBON<\/span> <span style=\"font-family: 'Lexend Mega', sans-serif; font-weight: 600; color: #4d4d4d; letter-spacing: -1px;\">TURNAROUND<\/span>\u00a0nos proponemos apoyar a nuestros clientes del sector privado y p\u00fablico para que contribuyan a alcanzar estos ODS de la ONU.[\/vc_column_text][vc_single_image media=\u00bb1263&#8243; media_width_percent=\u00bb100&#8243; uncode_shortcode_id=\u00bb750893&#8243;][\/vc_column][\/vc_row][vc_row row_height_percent=\u00bb0&#8243; back_image=\u00bb823&#8243; back_repeat=\u00bbno-repeat\u00bb parallax=\u00bbyes\u00bb overlay_alpha=\u00bb50&#8243; gutter_size=\u00bb3&#8243; column_width_percent=\u00bb100&#8243; shift_y=\u00bb0&#8243; z_index=\u00bb0&#8243; css=\u00bb.vc_custom_1623746107268{padding-top: 5vh !important;padding-bottom: 600px !important;}\u00bb][vc_column width=\u00bb1\/1&#8243;][\/vc_column][\/vc_row][vc_row row_height_percent=\u00bb0&#8243; back_color=\u00bbcolor-lxmt\u00bb overlay_alpha=\u00bb50&#8243; gutter_size=\u00bb3&#8243; column_width_percent=\u00bb100&#8243; shift_y=\u00bb0&#8243; z_index=\u00bb0&#8243; css=\u00bb.vc_custom_1619096287509{padding-top: 5vh !important;padding-bottom: 5vh !important;}\u00bb][vc_column column_width_percent=\u00bb100&#8243; align_horizontal=\u00bbalign_center\u00bb gutter_size=\u00bb3&#8243; overlay_alpha=\u00bb50&#8243; shift_x=\u00bb0&#8243; shift_y=\u00bb0&#8243; shift_y_down=\u00bb0&#8243; z_index=\u00bb0&#8243; medium_width=\u00bb0&#8243; mobile_width=\u00bb0&#8243; width=\u00bb1\/1&#8243;][vc_custom_heading]<\/p>\n<h2 style=\"font-size: 2.5em; text-align: center;\">\u00a1\u00danase al Carbon Turnaround!<\/h2>\n<h3 style=\"text-align: center;\">\u00a1Comience su viaje de descarbonizaci\u00f3n ahora mismo!<\/h3>\n<p>[\/vc_custom_heading][vc_button button_color=\u00bbcolor-199093&#8243; radius=\u00bbbtn-square\u00bb border_animation=\u00bbbtn-ripple-out\u00bb hover_fx=\u00bbfull-colored\u00bb border_width=\u00bb0&#8243; link=\u00bburl:https%3A%2F%2Fcarbon-turn.com%2Fes%2Fcontacto%2F|title:Contact%20us\u00bb button_color_type=\u00bbuncode-palette\u00bb uncode_shortcode_id=\u00bb985725&#8243;]CONT\u00c1CTENOS[\/vc_button][\/vc_column][\/vc_row]<\/p>\n<\/div>","protected":false},"excerpt":{"rendered":"<p>[vc_row unlock_row_content=\u00bbyes\u00bb row_height_percent=\u00bb0&#8243; back_color=\u00bbcolor-lxmt\u00bb overlay_alpha=\u00bb50&#8243; equal_height=\u00bbyes\u00bb gutter_size=\u00bb3&#8243; column_width_percent=\u00bb100&#8243; shift_y=\u00bb0&#8243; z_index=\u00bb0&#8243; el_class=\u00bbrow-full\u00bb][vc_column column_width_percent=\u00bb100&#8243; gutter_size=\u00bb3&#8243; back_image=\u00bb101&#8243; back_repeat=\u00bbno-repeat\u00bb overlay_alpha=\u00bb50&#8243; shift_x=\u00bb0&#8243; shift_y=\u00bb0&#8243; shift_y_down=\u00bb0&#8243; z_index=\u00bb0&#8243; [&hellip;]<\/p>\n","protected":false},"author":3,"featured_media":0,"parent":0,"menu_order":0,"comment_status":"closed","ping_status":"closed","template":"","meta":{"footnotes":""},"class_list":["post-961","page","type-page","status-publish","hentry"],"_links":{"self":[{"href":"https:\/\/carbon-turn.com\/es\/wp-json\/wp\/v2\/pages\/961","targetHints":{"allow":["GET"]}}],"collection":[{"href":"https:\/\/carbon-turn.com\/es\/wp-json\/wp\/v2\/pages"}],"about":[{"href":"https:\/\/carbon-turn.com\/es\/wp-json\/wp\/v2\/types\/page"}],"author":[{"embeddable":true,"href":"https:\/\/carbon-turn.com\/es\/wp-json\/wp\/v2\/users\/3"}],"replies":[{"embeddable":true,"href":"https:\/\/carbon-turn.com\/es\/wp-json\/wp\/v2\/comments?post=961"}],"version-history":[{"count":11,"href":"https:\/\/carbon-turn.com\/es\/wp-json\/wp\/v2\/pages\/961\/revisions"}],"predecessor-version":[{"id":1267,"href":"https:\/\/carbon-turn.com\/es\/wp-json\/wp\/v2\/pages\/961\/revisions\/1267"}],"wp:attachment":[{"href":"https:\/\/carbon-turn.com\/es\/wp-json\/wp\/v2\/media?parent=961"}],"curies":[{"name":"wp","href":"https:\/\/api.w.org\/{rel}","templated":true}]}}