{"id":965,"date":"2021-11-26T10:57:33","date_gmt":"2021-11-26T09:57:33","guid":{"rendered":"https:\/\/carbon-turn.com\/?page_id=965"},"modified":"2022-03-08T12:28:56","modified_gmt":"2022-03-08T11:28:56","slug":"nuestros-trabajos","status":"publish","type":"page","link":"https:\/\/carbon-turn.com\/es\/nuestros-trabajos\/","title":{"rendered":"Nuestros trabajos"},"content":{"rendered":"<div class=\"wpb-content-wrapper\"><p>[vc_row unlock_row_content=\u00bbyes\u00bb row_height_percent=\u00bb0&#8243; back_color=\u00bbcolor-lxmt\u00bb overlay_alpha=\u00bb50&#8243; equal_height=\u00bbyes\u00bb gutter_size=\u00bb3&#8243; column_width_percent=\u00bb100&#8243; shift_y=\u00bb0&#8243; z_index=\u00bb0&#8243; el_class=\u00bbrow-full\u00bb][vc_column column_width_percent=\u00bb100&#8243; gutter_size=\u00bb3&#8243; back_image=\u00bb831&#8243; back_repeat=\u00bbno-repeat\u00bb overlay_alpha=\u00bb50&#8243; shift_x=\u00bb0&#8243; shift_y=\u00bb0&#8243; shift_y_down=\u00bb0&#8243; z_index=\u00bb0&#8243; medium_width=\u00bb0&#8243; mobile_width=\u00bb0&#8243; width=\u00bb1\/2&#8243; css=\u00bb.vc_custom_1623760160040{padding-bottom: 25vh !important;}\u00bb el_class=\u00bbheader-resp\u00bb][\/vc_column][vc_column column_width_percent=\u00bb100&#8243; gutter_size=\u00bb3&#8243; overlay_alpha=\u00bb50&#8243; shift_x=\u00bb0&#8243; shift_y=\u00bb0&#8243; shift_y_down=\u00bb0&#8243; z_index=\u00bb0&#8243; medium_width=\u00bb0&#8243; mobile_width=\u00bb0&#8243; width=\u00bb1\/2&#8243; css=\u00bb.vc_custom_1619098094779{padding-top: 5vh !important;padding-right: 5vw !important;padding-bottom: 5vh !important;padding-left: 5vw !important;}\u00bb][vc_custom_heading heading_semantic=\u00bbh1&#8243; text_size=\u00bbh1&#8243;]Echa un vistazo a nuestro trabajo pasado y reciente[\/vc_custom_heading][vc_column_text]Desde hace m\u00e1s de 20 a\u00f1os, el equipo de <span style=\"font-family: 'Lexend Mega', sans-serif; font-weight: 600; color: #00aaff; letter-spacing: -1px;\">CARBON<\/span> <span style=\"font-family: 'Lexend Mega', sans-serif; font-weight: 600; color: #4d4d4d; letter-spacing: -1px;\">TURNAROUND<\/span>\u00a0trabaja en el campo de la sostenibilidad. Ya trabaj\u00e1bamos en proyectos de sostenibilidad cuando \u00e9ste era todav\u00eda un tema de nicho. A continuaci\u00f3n, encontrar\u00e1 una selecci\u00f3n de impactantes experiencias que hemos adquirido en nuestro viaje personal hacia la sostenibilidad.[\/vc_column_text][\/vc_column][\/vc_row][vc_row row_height_percent=\u00bb0&#8243; overlay_alpha=\u00bb50&#8243; gutter_size=\u00bb3&#8243; column_width_percent=\u00bb100&#8243; shift_y=\u00bb0&#8243; z_index=\u00bb0&#8243; css=\u00bb.vc_custom_1619503789925{padding-top: 5vh !important;padding-bottom: 5vh !important;}\u00bb][vc_column width=\u00bb1\/1&#8243;][uncode_index el_id=\u00bbindex-170441&#8243; isotope_mode=\u00bbfitRows\u00bb loop=\u00bbsize:9|order_by:date|order:DESC|post_type:post|taxonomy_count:10&#8243; style_preset=\u00bbmetro\u00bb single_height_viewport=\u00bbyes\u00bb infinite=\u00bbyes\u00bb infinite_button=\u00bbyes\u00bb gutter_size=\u00bb3&#8243; post_items=\u00bbmedia|featured|onpost|original,title,text|excerpt,link|default|small_size,sep-one|full\u00bb screen_lg=\u00bb1000&#8243; screen_md=\u00bb600&#8243; screen_sm=\u00bb480&#8243; single_overlay_opacity=\u00bb50&#8243; single_padding=\u00bb2&#8243; single_title_semantic=\u00bbh4&#8243; single_title_dimension=\u00bbh4&#8243; uncode_shortcode_id=\u00bb198568&#8243;][\/vc_column][\/vc_row]<\/p>\n<\/div>","protected":false},"excerpt":{"rendered":"<p>[vc_row unlock_row_content=\u00bbyes\u00bb row_height_percent=\u00bb0&#8243; back_color=\u00bbcolor-lxmt\u00bb overlay_alpha=\u00bb50&#8243; equal_height=\u00bbyes\u00bb gutter_size=\u00bb3&#8243; column_width_percent=\u00bb100&#8243; shift_y=\u00bb0&#8243; z_index=\u00bb0&#8243; el_class=\u00bbrow-full\u00bb][vc_column column_width_percent=\u00bb100&#8243; gutter_size=\u00bb3&#8243; back_image=\u00bb831&#8243; back_repeat=\u00bbno-repeat\u00bb overlay_alpha=\u00bb50&#8243; shift_x=\u00bb0&#8243; shift_y=\u00bb0&#8243; shift_y_down=\u00bb0&#8243; z_index=\u00bb0&#8243; [&hellip;]<\/p>\n","protected":false},"author":3,"featured_media":0,"parent":0,"menu_order":0,"comment_status":"closed","ping_status":"closed","template":"","meta":{"footnotes":""},"class_list":["post-965","page","type-page","status-publish","hentry"],"_links":{"self":[{"href":"https:\/\/carbon-turn.com\/es\/wp-json\/wp\/v2\/pages\/965","targetHints":{"allow":["GET"]}}],"collection":[{"href":"https:\/\/carbon-turn.com\/es\/wp-json\/wp\/v2\/pages"}],"about":[{"href":"https:\/\/carbon-turn.com\/es\/wp-json\/wp\/v2\/types\/page"}],"author":[{"embeddable":true,"href":"https:\/\/carbon-turn.com\/es\/wp-json\/wp\/v2\/users\/3"}],"replies":[{"embeddable":true,"href":"https:\/\/carbon-turn.com\/es\/wp-json\/wp\/v2\/comments?post=965"}],"version-history":[{"count":5,"href":"https:\/\/carbon-turn.com\/es\/wp-json\/wp\/v2\/pages\/965\/revisions"}],"predecessor-version":[{"id":1474,"href":"https:\/\/carbon-turn.com\/es\/wp-json\/wp\/v2\/pages\/965\/revisions\/1474"}],"wp:attachment":[{"href":"https:\/\/carbon-turn.com\/es\/wp-json\/wp\/v2\/media?parent=965"}],"curies":[{"name":"wp","href":"https:\/\/api.w.org\/{rel}","templated":true}]}}