{"id":992,"date":"2021-11-26T13:00:38","date_gmt":"2021-11-26T12:00:38","guid":{"rendered":"https:\/\/carbon-turn.com\/?page_id=992"},"modified":"2022-01-19T11:44:11","modified_gmt":"2022-01-19T10:44:11","slug":"contacto","status":"publish","type":"page","link":"https:\/\/carbon-turn.com\/es\/contacto\/","title":{"rendered":"Contacto"},"content":{"rendered":"<div class=\"wpb-content-wrapper\"><p>[vc_row unlock_row_content=\u00bbyes\u00bb row_height_percent=\u00bb0&#8243; back_color=\u00bbcolor-lxmt\u00bb overlay_alpha=\u00bb50&#8243; equal_height=\u00bbyes\u00bb gutter_size=\u00bb3&#8243; column_width_percent=\u00bb100&#8243; shift_y=\u00bb0&#8243; z_index=\u00bb0&#8243; el_class=\u00bbrow-full\u00bb][vc_column column_width_percent=\u00bb100&#8243; gutter_size=\u00bb3&#8243; back_image=\u00bb847&#8243; back_repeat=\u00bbno-repeat\u00bb overlay_alpha=\u00bb50&#8243; shift_x=\u00bb0&#8243; shift_y=\u00bb0&#8243; shift_y_down=\u00bb0&#8243; z_index=\u00bb0&#8243; medium_width=\u00bb0&#8243; mobile_width=\u00bb0&#8243; width=\u00bb1\/2&#8243; css=\u00bb.vc_custom_1623760842149{padding-bottom: 15vh !important;}\u00bb el_class=\u00bbheader-resp\u00bb][\/vc_column][vc_column column_width_percent=\u00bb100&#8243; gutter_size=\u00bb3&#8243; overlay_alpha=\u00bb50&#8243; shift_x=\u00bb0&#8243; shift_y=\u00bb0&#8243; shift_y_down=\u00bb0&#8243; z_index=\u00bb0&#8243; medium_width=\u00bb0&#8243; mobile_width=\u00bb0&#8243; width=\u00bb1\/2&#8243; css=\u00bb.vc_custom_1619098094779{padding-top: 5vh !important;padding-right: 5vw !important;padding-bottom: 5vh !important;padding-left: 5vw !important;}\u00bb][vc_custom_heading heading_semantic=\u00bbh1&#8243; text_size=\u00bbh1&#8243;]Para m\u00e1s informaci\u00f3n p\u00f3ngase en contacto con nosotros.[\/vc_custom_heading][vc_column_text]Comencemos juntos su viaje de sostenibilidad y descarbonizaci\u00f3n. \u00a1Convi\u00e9rtase en l\u00edder del giro del carbono![\/vc_column_text][\/vc_column][\/vc_row][vc_row unlock_row=\u00bb\u00bb row_height_percent=\u00bb0&#8243; overlay_alpha=\u00bb50&#8243; equal_height=\u00bbyes\u00bb gutter_size=\u00bb3&#8243; column_width_percent=\u00bb100&#8243; shift_y=\u00bb0&#8243; z_index=\u00bb0&#8243; css=\u00bb.vc_custom_1619098286730{padding-top: 8vh !important;padding-bottom: 8vh !important;}\u00bb][vc_column width=\u00bb1\/2&#8243;][vc_separator sep_color=\u00bbcolor-wvjs\u00bb][vc_custom_heading css_animation=\u00bbright-t-left\u00bb uncode_shortcode_id=\u00bb382070&#8243;]\u00a1\u00danase al cambio econ\u00f3mico global hacia la econom\u00eda de neutralidad de carbono![\/vc_custom_heading][vc_empty_space empty_h=\u00bb2&#8243;][vc_column_text uncode_shortcode_id=\u00bb148532&#8243;]<\/p>\n<div class=\"uncode_text_column\">\n<h3>Oficina Austria<\/h3>\n<p>Michaelerstra\u00dfe 9, Top 13<br \/>\n1180 Vienna<br \/>\nAustria<br \/>\n<a href=\"mailto:office@carbon-turn.com\">office@carbon-turn.com<\/a><br \/>\n<strong>AUT-M:<\/strong><a href=\"tel:00436763505989\" data-title=\"AUT Mobile\"> +43 676 35 05 989<\/a><\/p>\n<\/div>\n<p>[\/vc_column_text][vc_column_text uncode_shortcode_id=\u00bb474858&#8243;]<\/p>\n<div class=\"uncode_text_column\">\n<h3>Oficina Chile<\/h3>\n<p>Isidora Goyenechea 3365, Of. 501<br \/>\nLas Condes<br \/>\n7550120 Santiago<br \/>\n<a href=\"mailto:office@carbon-turn.com\">office@carbon-turn.com<\/a><br \/>\n<strong>CL-M:<\/strong>\u00a0<a href=\"tel:0056962178547\">+56 9 62 17 85 47<\/a><\/p>\n<\/div>\n<p>[\/vc_column_text][\/vc_column][vc_column width=\u00bb1\/2&#8243;]\n<div class=\"wpcf7 no-js\" id=\"wpcf7-f1237-o1\" lang=\"de-DE\" dir=\"ltr\" data-wpcf7-id=\"1237\">\n<div class=\"screen-reader-response\"><p role=\"status\" aria-live=\"polite\" aria-atomic=\"true\"><\/p> <ul><\/ul><\/div>\n<form action=\"\/es\/wp-json\/wp\/v2\/pages\/992#wpcf7-f1237-o1\" method=\"post\" class=\"wpcf7-form init\" aria-label=\"Kontaktformular\" novalidate=\"novalidate\" data-status=\"init\">\n<fieldset class=\"hidden-fields-container\"><input type=\"hidden\" name=\"_wpcf7\" value=\"1237\" \/><input type=\"hidden\" name=\"_wpcf7_version\" value=\"6.1.5\" \/><input type=\"hidden\" name=\"_wpcf7_locale\" value=\"de_DE\" \/><input type=\"hidden\" name=\"_wpcf7_unit_tag\" value=\"wpcf7-f1237-o1\" \/><input type=\"hidden\" name=\"_wpcf7_container_post\" value=\"0\" \/><input type=\"hidden\" name=\"_wpcf7_posted_data_hash\" value=\"\" \/>\n<\/fieldset>\n<p><label> Nombre<br \/>\n<span class=\"wpcf7-form-control-wrap\" data-name=\"your-name\"><input size=\"40\" maxlength=\"400\" class=\"wpcf7-form-control wpcf7-text wpcf7-validates-as-required\" aria-required=\"true\" aria-invalid=\"false\" value=\"\" type=\"text\" name=\"your-name\" \/><\/span> <\/label>\n<\/p>\n<p><label> Apellido<br \/>\n<span class=\"wpcf7-form-control-wrap\" data-name=\"your-name-2\"><input size=\"40\" maxlength=\"400\" class=\"wpcf7-form-control wpcf7-text wpcf7-validates-as-required\" aria-required=\"true\" aria-invalid=\"false\" value=\"\" type=\"text\" name=\"your-name-2\" \/><\/span> <\/label>\n<\/p>\n<p><label> Correo electr\u00f3nico<br \/>\n<span class=\"wpcf7-form-control-wrap\" data-name=\"your-email\"><input size=\"40\" maxlength=\"400\" class=\"wpcf7-form-control wpcf7-email wpcf7-validates-as-required wpcf7-text wpcf7-validates-as-email\" aria-required=\"true\" aria-invalid=\"false\" value=\"\" type=\"email\" name=\"your-email\" \/><\/span> <\/label>\n<\/p>\n<p><label> Asunto<br \/>\n<span class=\"wpcf7-form-control-wrap\" data-name=\"your-subject\"><input size=\"40\" maxlength=\"400\" class=\"wpcf7-form-control wpcf7-text wpcf7-validates-as-required\" aria-required=\"true\" aria-invalid=\"false\" value=\"\" type=\"text\" name=\"your-subject\" \/><\/span> <\/label>\n<\/p>\n<p><label> Tu mensaje<br \/>\n<span class=\"wpcf7-form-control-wrap\" data-name=\"your-message\"><textarea cols=\"40\" rows=\"10\" maxlength=\"2000\" class=\"wpcf7-form-control wpcf7-textarea\" aria-invalid=\"false\" name=\"your-message\"><\/textarea><\/span> <\/label>\n<\/p>\n<div class=\"column one\">\n\t<p>[wpgdprc \"Al utilizar este formulario, acepta que este sitio web almacene y maneje sus datos. He le\u00eddo la pol\u00edtica de privacidad.\"]\n\t<\/p>\n<\/div>\n<p><input class=\"wpcf7-form-control wpcf7-submit has-spinner\" type=\"submit\" value=\"Enviar\" \/>\n<\/p><input type='hidden' class='wpcf7-pum' value='{\"closepopup\":false,\"closedelay\":0,\"openpopup\":false,\"openpopup_id\":0}' \/><div class=\"wpcf7-response-output\" aria-hidden=\"true\"><\/div>\n<\/form>\n<\/div>\n[\/vc_column][\/vc_row]<\/p>\n<\/div>","protected":false},"excerpt":{"rendered":"<p>[vc_row unlock_row_content=\u00bbyes\u00bb row_height_percent=\u00bb0&#8243; back_color=\u00bbcolor-lxmt\u00bb overlay_alpha=\u00bb50&#8243; equal_height=\u00bbyes\u00bb gutter_size=\u00bb3&#8243; column_width_percent=\u00bb100&#8243; shift_y=\u00bb0&#8243; z_index=\u00bb0&#8243; el_class=\u00bbrow-full\u00bb][vc_column column_width_percent=\u00bb100&#8243; gutter_size=\u00bb3&#8243; back_image=\u00bb847&#8243; back_repeat=\u00bbno-repeat\u00bb overlay_alpha=\u00bb50&#8243; shift_x=\u00bb0&#8243; shift_y=\u00bb0&#8243; shift_y_down=\u00bb0&#8243; z_index=\u00bb0&#8243; [&hellip;]<\/p>\n","protected":false},"author":3,"featured_media":0,"parent":0,"menu_order":0,"comment_status":"closed","ping_status":"closed","template":"","meta":{"footnotes":""},"class_list":["post-992","page","type-page","status-publish","hentry"],"_links":{"self":[{"href":"https:\/\/carbon-turn.com\/es\/wp-json\/wp\/v2\/pages\/992","targetHints":{"allow":["GET"]}}],"collection":[{"href":"https:\/\/carbon-turn.com\/es\/wp-json\/wp\/v2\/pages"}],"about":[{"href":"https:\/\/carbon-turn.com\/es\/wp-json\/wp\/v2\/types\/page"}],"author":[{"embeddable":true,"href":"https:\/\/carbon-turn.com\/es\/wp-json\/wp\/v2\/users\/3"}],"replies":[{"embeddable":true,"href":"https:\/\/carbon-turn.com\/es\/wp-json\/wp\/v2\/comments?post=992"}],"version-history":[{"count":7,"href":"https:\/\/carbon-turn.com\/es\/wp-json\/wp\/v2\/pages\/992\/revisions"}],"predecessor-version":[{"id":1372,"href":"https:\/\/carbon-turn.com\/es\/wp-json\/wp\/v2\/pages\/992\/revisions\/1372"}],"wp:attachment":[{"href":"https:\/\/carbon-turn.com\/es\/wp-json\/wp\/v2\/media?parent=992"}],"curies":[{"name":"wp","href":"https:\/\/api.w.org\/{rel}","templated":true}]}}